{"id":330,"date":"2024-04-25T07:55:23","date_gmt":"2024-04-25T07:55:23","guid":{"rendered":"https:\/\/newsexo-pro.themearile.com\/?page_id=330"},"modified":"2026-04-11T14:56:50","modified_gmt":"2026-04-11T12:56:50","slug":"kontakt","status":"publish","type":"page","link":"https:\/\/www.softconic.cz\/index.php\/kontakt\/","title":{"rendered":"Kontakt"},"content":{"rendered":"\n<p>Napi\u0161te n\u00e1m na:&nbsp;<strong>info@purelog.cz<\/strong><\/p>\n\n\n\n<p><a href=\"https:\/\/www.purelog.cz\/\">www.purelog.cz<\/a><\/p>\n\n\n\n<h2 class=\"wp-block-heading\"><\/h2>\n\n\n\n<p>Provozovatel webu:&nbsp;<strong>PureLog s.r.o., Rybn\u00e1 716\/24, 110 00 Praha 1, I\u010c 220 09 370<\/strong><\/p>\n","protected":false},"excerpt":{"rendered":"<p>Napi\u0161te n\u00e1m na:&nbsp;info@purelog.cz www.purelog.cz Provozovatel webu:&nbsp;PureLog s.r.o., Rybn\u00e1 716\/24, 110 00 Praha 1, I\u010c 220 09 370<\/p>\n","protected":false},"author":1,"featured_media":0,"parent":0,"menu_order":0,"comment_status":"closed","ping_status":"closed","template":"","meta":{"footnotes":""},"class_list":["post-330","page","type-page","status-publish","hentry"],"_links":{"self":[{"href":"https:\/\/www.softconic.cz\/index.php\/wp-json\/wp\/v2\/pages\/330","targetHints":{"allow":["GET"]}}],"collection":[{"href":"https:\/\/www.softconic.cz\/index.php\/wp-json\/wp\/v2\/pages"}],"about":[{"href":"https:\/\/www.softconic.cz\/index.php\/wp-json\/wp\/v2\/types\/page"}],"author":[{"embeddable":true,"href":"https:\/\/www.softconic.cz\/index.php\/wp-json\/wp\/v2\/users\/1"}],"replies":[{"embeddable":true,"href":"https:\/\/www.softconic.cz\/index.php\/wp-json\/wp\/v2\/comments?post=330"}],"version-history":[{"count":3,"href":"https:\/\/www.softconic.cz\/index.php\/wp-json\/wp\/v2\/pages\/330\/revisions"}],"predecessor-version":[{"id":801,"href":"https:\/\/www.softconic.cz\/index.php\/wp-json\/wp\/v2\/pages\/330\/revisions\/801"}],"wp:attachment":[{"href":"https:\/\/www.softconic.cz\/index.php\/wp-json\/wp\/v2\/media?parent=330"}],"curies":[{"name":"wp","href":"https:\/\/api.w.org\/{rel}","templated":true}]}}